{"id":524,"date":"2023-11-05T20:23:50","date_gmt":"2023-11-05T20:23:50","guid":{"rendered":"https:\/\/oted.tootweb.com\/?page_id=524"},"modified":"2023-11-06T00:45:08","modified_gmt":"2023-11-06T00:45:08","slug":"donate-now","status":"publish","type":"page","link":"https:\/\/oted.us.org\/tr\/donate-now\/","title":{"rendered":"Ba\u011f\u0131\u015f Yap"},"content":{"rendered":"<div data-elementor-type=\"wp-page\" data-elementor-id=\"524\" class=\"elementor elementor-524\" data-elementor-post-type=\"page\">\n\t\t\t\t\t\t\t<div class=\"elementor-element elementor-element-ec03ea2 e-flex e-con-boxed e-con e-parent\" data-id=\"ec03ea2\" data-element_type=\"container\" data-settings=\"{&quot;container_type&quot;:&quot;flex&quot;,&quot;content_width&quot;:&quot;boxed&quot;}\" data-core-v316-plus=\"true\">\n\t\t\t\t\t<div class=\"e-con-inner\">\n\t\t<div class=\"elementor-element elementor-element-ce91720 e-flex e-con-boxed e-con e-child\" data-id=\"ce91720\" data-element_type=\"container\" data-settings=\"{&quot;container_type&quot;:&quot;flex&quot;,&quot;content_width&quot;:&quot;boxed&quot;}\">\n\t\t\t\t\t<div class=\"e-con-inner\">\n\t\t\t\t\t<\/div>\n\t\t\t\t<\/div>\n\t\t<div class=\"elementor-element elementor-element-9e20c98 e-flex e-con-boxed e-con e-child\" data-id=\"9e20c98\" data-element_type=\"container\" data-settings=\"{&quot;background_background&quot;:&quot;classic&quot;,&quot;container_type&quot;:&quot;flex&quot;,&quot;content_width&quot;:&quot;boxed&quot;}\">\n\t\t\t\t\t<div class=\"e-con-inner\">\n\t\t\t\t<div class=\"elementor-element elementor-element-dfcd9d9 elementor-widget elementor-widget-ha-fluent-form happy-addon ha-fluent-form\" data-id=\"dfcd9d9\" data-element_type=\"widget\" data-widget_type=\"ha-fluent-form.default\">\n\t\t\t\t<div class=\"elementor-widget-container\">\n\t\t\t<div class='fluentform ff-default fluentform_wrapper_3 ffs_default_wrap'><form data-form_id=\"3\" id=\"fluentform_3\" class=\"frm-fluent-form fluent_form_3 ff-el-form-top ff_form_instance_3_1 ff-form-loading fluentform_has_payment ffs_default\" data-form_instance=\"ff_form_instance_3_1\" method=\"POST\" action=\"\" ><fieldset  style=\"border: none!important;margin: 0!important;padding: 0!important;background-color: transparent!important;box-shadow: none!important;outline: none!important; min-inline-size: 100%;\">\n                    <legend class=\"ff_screen_reader_title\" style=\"display: block; margin: 0!important;padding: 0!important;height: 0!important;text-indent: -999999px;width: 0!important;overflow:hidden;\">Donation Form<\/legend><input type='hidden' name='__fluent_form_embded_post_id' value='524' \/><input type=\"hidden\" id=\"_fluentform_3_fluentformnonce\" name=\"_fluentform_3_fluentformnonce\" value=\"efc111d6a6\" \/><input type=\"hidden\" name=\"_wp_http_referer\" value=\"\/tr\/wp-json\/wp\/v2\/pages\/524\" \/><div data-type=\"name-element\" data-name=\"names\" class=\"ff-field_container ff-name-field-wrapper\" ><div class='ff-t-container'><div class='ff-t-cell'><div class='ff-el-group  ff-el-form-hide_label'><div class=\"ff-el-input--label ff-el-is-required asterisk-right\"><label for='ff_3_names_first_name_' aria-label=\"\u0130sim\">\u0130sim<\/label><\/div><div class='ff-el-input--content'><input type=\"text\" name=\"names[first_name]\" id=\"ff_3_names_first_name_\" class=\"ff-el-form-control\" placeholder=\"\u0130sim\" aria-invalid=\"false\" aria-required=\"false\"><\/div><\/div><\/div><div class='ff-t-cell'><div class='ff-el-group  ff-el-form-hide_label'><div class=\"ff-el-input--label ff-el-is-required asterisk-right\"><label for='ff_3_names_last_name_' aria-label=\"Soy isim\">Soy isim<\/label><\/div><div class='ff-el-input--content'><input type=\"text\" name=\"names[last_name]\" id=\"ff_3_names_last_name_\" class=\"ff-el-form-control\" placeholder=\"Soy isim\" aria-invalid=\"false\" aria-required=\"false\"><\/div><\/div><\/div><\/div><\/div><div class='ff-el-group ff-el-form-hide_label'><div class=\"ff-el-input--label ff-el-is-required asterisk-right\"><label for='ff_3_email' aria-label=\"E-posta\">E-posta<\/label><\/div><div class='ff-el-input--content'><input type=\"email\" name=\"email\" id=\"ff_3_email\" class=\"ff-el-form-control\" placeholder=\"E-posta Adresi\" data-name=\"email\"  aria-invalid=\"false\" aria-required=\"true\"><\/div><\/div><div class='ff-el-group ff-el-form-hide_label'><div class=\"ff-el-input--label asterisk-right\"><label for='ff_3_dropdown' aria-label=\"A\u00e7\u0131l\u0131r Men\u00fc\">A\u00e7\u0131l\u0131r Men\u00fc<\/label><\/div><div class='ff-el-input--content'><select name=\"dropdown\" id=\"ff_3_dropdown\" class=\"ff-el-form-control\" data-name=\"dropdown\" data-calc_value=\"0\"  aria-invalid=\"false\" aria-required=\"false\"><option value=\"\">\u0130stedi\u011finiz katk\u0131 nedir?<\/option><option value=\"General Donation\"  >Genel Ba\u011f\u0131\u015f<\/option><option value=\"Sponsor an Orphan\"  >Bir Yetime Sponsor Olun<\/option><option value=\"Dig a water well\"  >Bir su kuyusu kaz\u0131n<\/option><option value=\"Take the initiative to volunteer\"  >G\u00f6n\u00fcll\u00fc olmak i\u00e7in inisiyatif al\u0131n<\/option><\/select><\/div><\/div><div data-name=\"ff_cn_id_1\"  class='ff-t-container ff-column-container ff_columns_total_2'><div class='ff-t-cell ff-t-column-1' style='flex-basis: 50%;'><div class='ff-el-group  ff_list_buttons'><div class=\"ff-el-input--label ff-el-is-required asterisk-right\"><label  aria-label=\"Ba\u011f\u0131\u015f miktar\u0131\">Ba\u011f\u0131\u015f miktar\u0131<\/label><\/div><div class='ff-el-input--content'><div class='ff-el-form-check ff-el-form-check-'><label class='ff-el-form-check-label' for=\"payment_input_f2af0ab86860c17338788e1eaceb4183\"><input type=\"radio\" name=\"payment_input\" data-name=\"payment_input\" class=\"ff-el-form-check-input ff-el-form-check-radio ff_payment_item\" value=\"$50\" data-payment_value=\"50\" data-calc_value=\"50\" data-group_id=\"ff_3_payment_input\"  id='payment_input_f2af0ab86860c17338788e1eaceb4183'> <span class='ff_plan_title'>$50<\/span><\/label><\/div><div class='ff-el-form-check ff-el-form-check-'><label class='ff-el-form-check-label' for=\"payment_input_17386b510465df047c6feeb6cda87f71\"><input type=\"radio\" name=\"payment_input\" data-name=\"payment_input\" class=\"ff-el-form-check-input ff-el-form-check-radio ff_payment_item ff_payment_item\" value=\"$100\" data-payment_value=\"100\" data-calc_value=\"100\" data-group_id=\"ff_3_payment_input\"  id='payment_input_17386b510465df047c6feeb6cda87f71'> <span class='ff_plan_title'>$100<\/span><\/label><\/div><div class='ff-el-form-check ff-el-form-check-'><label class='ff-el-form-check-label' for=\"payment_input_81bae3695cb4ee62a4795923aa6c0289\"><input type=\"radio\" name=\"payment_input\" data-name=\"payment_input\" class=\"ff-el-form-check-input ff-el-form-check-radio ff_payment_item ff_payment_item ff_payment_item\" value=\"$150\" data-payment_value=\"150\" data-calc_value=\"150\" data-group_id=\"ff_3_payment_input\"  id='payment_input_81bae3695cb4ee62a4795923aa6c0289'> <span class='ff_plan_title'>$150<\/span><\/label><\/div><div class='ff-el-form-check ff-el-form-check-'><label class='ff-el-form-check-label' for=\"payment_input_fae5c76093b88cd2bdb625b11b927cc2\"><input type=\"radio\" name=\"payment_input\" data-name=\"payment_input\" class=\"ff-el-form-check-input ff-el-form-check-radio ff_payment_item ff_payment_item ff_payment_item ff_payment_item\" value=\"Other\" data-payment_value=\"0\" data-calc_value=\"0\" data-group_id=\"ff_3_payment_input\"  id='payment_input_fae5c76093b88cd2bdb625b11b927cc2'> <span class='ff_plan_title'>Di\u011fer<\/span><\/label><\/div><\/div><\/div><\/div><div class='ff-t-cell ff-t-column-2' style='flex-basis: 50%;'><div class='ff-el-group has-conditions'><div class=\"ff-el-input--label ff-el-is-required asterisk-right\"><label for='ff_3_custom-payment-amount' aria-label=\"Please Provide Custom Amount\">Please Provide Custom Amount<\/label><\/div><div class='ff-el-input--content'><input type=\"number\" name=\"custom-payment-amount\" id=\"ff_3_custom-payment-amount\" class=\"ff-el-form-control  ff_payment_item\" placeholder=\"Please input your amount\" data-payment_item=\"yes\" data-name=\"custom-payment-amount\" inputmode=\"decimal\" step=\"any\" min=\"1\" aria-valuemin=\"1\"  aria-invalid=\"false\" aria-required=\"true\"><\/div><\/div><\/div><\/div><input name=\"payment_method\" type=\"hidden\" value=\"test\" data-name=\"payment_method\" class=\"ff-el-form-check-input ff_payment_method ff_selected_payment_method\" ><div class='ff-el-group  ff-custom_html has-conditions' data-name=\"custom_html-3_1\" ><p>Kopyalamak i\u00e7in t\u0131klay\u0131n,<br \/>IBAN: <span id=\"iban\">TR330006100519786457841326<br \/><\/span>Banka hesab\u0131 numaras\u0131: <span id=\"account-number\">0519786457841326<\/span><\/p><\/div><div class='ff-el-group ff-text-left ff_submit_btn_wrapper'><button type=\"submit\" class=\"ff-btn ff-btn-submit ff-btn-md ff_btn_style\" >Ba\u011f\u0131\u015f Yap <span class=\"ff_order_total\"><\/span><\/button><\/div><\/fieldset><input type=\"hidden\" name=\"trp-form-language\" value=\"tr\"\/><\/form><div id='fluentform_3_errors' class='ff-errors-in-stack ff_form_instance_3_1 ff-form-loading_errors ff_form_instance_3_1_errors'><\/div><\/div>        <script type=\"text\/javascript\">\n            window.fluent_form_ff_form_instance_3_1 = {\"id\":\"3\",\"settings\":{\"layout\":{\"labelPlacement\":\"top\",\"helpMessagePlacement\":\"with_label\",\"errorMessagePlacement\":\"inline\",\"cssClassName\":\"\",\"asteriskPlacement\":\"asterisk-right\"},\"restrictions\":{\"denyEmptySubmission\":{\"enabled\":false}}},\"form_instance\":\"ff_form_instance_3_1\",\"form_id_selector\":\"fluentform_3\",\"rules\":{\"names[first_name]\":{\"required\":{\"value\":true,\"message\":\"This field is required\",\"global\":true,\"global_message\":\"This field is required\"}},\"names[middle_name]\":{\"required\":{\"value\":false,\"message\":\"This field is required\",\"global\":true,\"global_message\":\"This field is required\"}},\"names[last_name]\":{\"required\":{\"value\":true,\"message\":\"This field is required\",\"global\":true,\"global_message\":\"This field is required\"}},\"email\":{\"required\":{\"value\":true,\"message\":\"This field is required\",\"global\":true,\"global_message\":\"This field is required\"},\"email\":{\"value\":true,\"message\":\"This field must contain a valid email\",\"global\":true,\"global_message\":\"This field must contain a valid email\"}},\"dropdown\":{\"required\":{\"value\":false,\"message\":\"This field is required\",\"global_message\":\"This field is required\",\"global\":true}},\"payment_input\":{\"required\":{\"value\":true,\"message\":\"This field is required\",\"global\":true,\"global_message\":\"This field is required\"}},\"custom-payment-amount\":{\"required\":{\"value\":true,\"message\":\"Donation Amount is required\",\"global\":false,\"global_message\":\"This field is required\"},\"numeric\":{\"value\":true,\"message\":\"This field must contain numeric value\",\"global\":true,\"global_message\":\"This field must contain numeric value\"},\"min\":{\"value\":\"1\",\"message\":\"Validation fails for minimum value\",\"global\":true,\"global_message\":\"Validation fails for minimum value\"},\"max\":{\"value\":\"\",\"message\":\"Validation fails for maximum value\",\"global\":true,\"global_message\":\"Validation fails for maximum value\"}},\"payment_method\":{\"required\":{\"value\":true,\"message\":\"This field is required\",\"global\":false,\"global_message\":\"This field is required\"}}},\"conditionals\":{\"custom-payment-amount\":{\"type\":\"any\",\"status\":true,\"conditions\":[{\"field\":\"payment_input\",\"value\":\"Other\",\"operator\":\"=\"}]},\"custom_html-3_1\":{\"type\":\"all\",\"status\":true,\"conditions\":[{\"field\":\"payment_method\",\"value\":\"test\",\"operator\":\"=\"}]}}};\n                    <\/script>\n        \t\t<\/div>\n\t\t\t\t<\/div>\n\t\t\t\t\t<\/div>\n\t\t\t\t<\/div>\n\t\t\t\t\t<\/div>\n\t\t\t\t<\/div>\n\t\t\t\t\t\t\t<\/div>","protected":false},"excerpt":{"rendered":"<p>Donation Form First NameLast NameEmailWhat&#8217;s your desired contribution? General Donation Sponsor an Orphan Dig a water well Take the initiative to volunteerDonation Amount $20 $30&hellip;<\/p>","protected":false},"author":3,"featured_media":0,"parent":0,"menu_order":0,"comment_status":"closed","ping_status":"closed","template":"elementor_header_footer","meta":{"footnotes":""},"class_list":["post-524","page","type-page","status-publish","hentry"],"acf":[],"_links":{"self":[{"href":"https:\/\/oted.us.org\/tr\/wp-json\/wp\/v2\/pages\/524","targetHints":{"allow":["GET"]}}],"collection":[{"href":"https:\/\/oted.us.org\/tr\/wp-json\/wp\/v2\/pages"}],"about":[{"href":"https:\/\/oted.us.org\/tr\/wp-json\/wp\/v2\/types\/page"}],"author":[{"embeddable":true,"href":"https:\/\/oted.us.org\/tr\/wp-json\/wp\/v2\/users\/3"}],"replies":[{"embeddable":true,"href":"https:\/\/oted.us.org\/tr\/wp-json\/wp\/v2\/comments?post=524"}],"version-history":[{"count":26,"href":"https:\/\/oted.us.org\/tr\/wp-json\/wp\/v2\/pages\/524\/revisions"}],"predecessor-version":[{"id":678,"href":"https:\/\/oted.us.org\/tr\/wp-json\/wp\/v2\/pages\/524\/revisions\/678"}],"wp:attachment":[{"href":"https:\/\/oted.us.org\/tr\/wp-json\/wp\/v2\/media?parent=524"}],"curies":[{"name":"wp","href":"https:\/\/api.w.org\/{rel}","templated":true}]}}